
{"id":761,"date":"2023-02-13T23:29:43","date_gmt":"2023-02-13T23:29:43","guid":{"rendered":"https:\/\/tracim.com.tr\/?page_id=761"},"modified":"2024-12-04T09:19:51","modified_gmt":"2024-12-04T09:19:51","slug":"misyon-vizyon","status":"publish","type":"page","link":"https:\/\/tracim.com.tr\/en\/misyon-vizyon\/","title":{"rendered":"Mission &amp; Vision"},"content":{"rendered":"<div data-elementor-type=\"wp-page\" data-elementor-id=\"761\" class=\"elementor elementor-761\">\n\t\t\t\t\t\t<section class=\"elementor-section elementor-top-section elementor-element elementor-element-5594837 xts-section-stretch elementor-section-boxed elementor-section-height-default elementor-section-height-default\" data-id=\"5594837\" data-element_type=\"section\" data-e-type=\"section\" data-settings=\"{&quot;background_background&quot;:&quot;classic&quot;}\">\n\t\t\t\t\t\t<div class=\"elementor-container elementor-column-gap-default\">\n\t\t\t\t\t<div class=\"elementor-column elementor-col-100 elementor-top-column elementor-element elementor-element-388a65f\" data-id=\"388a65f\" data-element_type=\"column\" data-e-type=\"column\">\n\t\t\t<div class=\"elementor-widget-wrap elementor-element-populated\">\n\t\t\t\t\t\t<div class=\"elementor-element elementor-element-555d375 elementor-widget elementor-widget-xts_mega_menu\" data-id=\"555d375\" data-element_type=\"widget\" data-e-type=\"widget\" data-widget_type=\"xts_mega_menu.default\">\n\t\t\t\t<div class=\"elementor-widget-container\">\n\t\t\t\t\t\t\t\t<div class=\"xts-mega-menu\">\r\n\t\t\t\t\r\n\t\t\t\t\t\t\t\t\t<div class=\"xts-nav-wrapper xts-textalign-left\"><ul id=\"menu-kurumsal\" class=\"menu xts-nav xts-nav-mega  xts-design-horizontal xts-style-separated xts-indicator-style-chevron xts-nav-scheme-light xts-gap-l xts-direction-h\"><li id=\"menu-item-158\" class=\"menu-item menu-item-type-post_type menu-item-object-page menu-item-158 item-level-0 xts-event-hover\"><a href=\"https:\/\/tracim.com.tr\/en\/hakkimizda\/\" class=\"xts-nav-link\"><span class=\"xts-nav-text\">About Us<\/span><\/a><\/li>\n<li id=\"menu-item-773\" class=\"menu-item menu-item-type-post_type menu-item-object-page menu-item-773 item-level-0 xts-event-hover\"><a href=\"https:\/\/tracim.com.tr\/en\/misyon-vizyon\/\" class=\"xts-nav-link\"><span class=\"xts-nav-text\">Mission &amp; Vision<\/span><\/a><\/li>\n<li id=\"menu-item-199\" class=\"menu-item menu-item-type-custom menu-item-object-custom menu-item-has-children menu-item-199 item-level-0 xts-event-hover\"><a href=\"#\" class=\"xts-nav-link\"><span class=\"xts-nav-text\">Our Policies<\/span><\/a><div class=\"xts-dropdown xts-dropdown-menu xts-style-default\"><div class=\"container xts-dropdown-inner\"><ul class=\"sub-menu xts-sub-menu\">\t<li id=\"menu-item-198\" class=\"menu-item menu-item-type-post_type menu-item-object-page menu-item-198 item-level-1 col-auto\"><a href=\"https:\/\/tracim.com.tr\/en\/politikalarimiz\/entegre-yonetim-sistemi\/\" class=\"xts-nav-link\">Integrated Management System<\/a><\/li>\n\t<li id=\"menu-item-230\" class=\"menu-item menu-item-type-post_type menu-item-object-page menu-item-230 item-level-1 col-auto\"><a href=\"https:\/\/tracim.com.tr\/en\/politikalarimiz\/bilgi-guvenligi\/\" class=\"xts-nav-link\">Information Security<\/a><\/li>\n\t<li id=\"menu-item-260\" class=\"menu-item menu-item-type-post_type menu-item-object-page menu-item-260 item-level-1 col-auto\"><a href=\"https:\/\/tracim.com.tr\/en\/politikalarimiz\/bilgi-toplumu-hizmetleri\/\" class=\"xts-nav-link\">Information Society Services<\/a><\/li>\n\t<li id=\"menu-item-1897\" class=\"menu-item menu-item-type-post_type menu-item-object-page menu-item-1897 item-level-1 col-auto\"><a href=\"https:\/\/tracim.com.tr\/en\/politikalarimiz\/musteri-memnuniyeti-politikamiz\/\" class=\"xts-nav-link\">Customer Satisfaction Policy<\/a><\/li>\n<\/ul><\/div><\/div><\/li>\n<li id=\"menu-item-3377\" class=\"menu-item menu-item-type-post_type menu-item-object-page menu-item-3377 item-level-0 xts-event-hover\"><a href=\"https:\/\/tracim.com.tr\/en\/kvkk-2\/\" class=\"xts-nav-link\"><span class=\"xts-nav-text\">KVKK<\/span><\/a><\/li>\n<li id=\"menu-item-1297\" class=\"menu-item menu-item-type-custom menu-item-object-custom menu-item-has-children menu-item-1297 item-level-0 xts-event-hover\"><a href=\"#\" class=\"xts-nav-link\"><span class=\"xts-nav-text\">Document Access<\/span><\/a><div class=\"xts-dropdown xts-dropdown-menu xts-style-default\"><div class=\"container xts-dropdown-inner\"><ul class=\"sub-menu xts-sub-menu\">\t<li id=\"menu-item-1298\" class=\"menu-item menu-item-type-post_type menu-item-object-page menu-item-1298 item-level-1 col-auto\"><a href=\"https:\/\/tracim.com.tr\/en\/kalite-yonetimi\/\" class=\"xts-nav-link\">Quality Management<\/a><\/li>\n\t<li id=\"menu-item-1169\" class=\"menu-item menu-item-type-post_type menu-item-object-page menu-item-1169 item-level-1 col-auto\"><a href=\"https:\/\/tracim.com.tr\/en\/kalite-belgeleri\/\" class=\"xts-nav-link\">Quality Certificates<\/a><\/li>\n\t<li id=\"menu-item-3363\" class=\"menu-item menu-item-type-post_type menu-item-object-page menu-item-3363 item-level-1 col-auto\"><a href=\"https:\/\/tracim.com.tr\/en\/yonetim-sistemi-belgeleri\/\" class=\"xts-nav-link\">Management System Documents<\/a><\/li>\n<\/ul><\/div><\/div><\/li>\n<\/ul><\/div>\t\t\t\t\t\t\t<\/div>\r\n\t\t\t\t\t\t<\/div>\n\t\t\t\t<\/div>\n\t\t\t\t\t<\/div>\n\t\t<\/div>\n\t\t\t\t\t<\/div>\n\t\t<\/section>\n\t\t\t\t<section class=\"elementor-section elementor-top-section elementor-element elementor-element-304c5db elementor-section-content-middle elementor-section-height-min-height elementor-section-boxed elementor-section-height-default elementor-section-items-middle xts-section-disabled\" data-id=\"304c5db\" data-element_type=\"section\" data-e-type=\"section\">\n\t\t\t\t\t\t<div class=\"elementor-container elementor-column-gap-default\">\n\t\t\t\t\t<div class=\"elementor-column elementor-col-50 elementor-top-column elementor-element elementor-element-8d62353\" data-id=\"8d62353\" data-element_type=\"column\" data-e-type=\"column\">\n\t\t\t<div class=\"elementor-widget-wrap elementor-element-populated\">\n\t\t\t\t\t\t<div class=\"elementor-element elementor-element-67349a1 elementor-widget elementor-widget-xts_title\" data-id=\"67349a1\" data-element_type=\"widget\" data-e-type=\"widget\" data-widget_type=\"xts_title.default\">\n\t\t\t\t<div class=\"elementor-widget-container\">\n\t\t\t\t\t\t\t\t<div class=\"xts-section-heading xts-reset-mb-10 xts-reset-last xts-textalign-center\" data-animation-delay=\"\">\r\n\t\t\t\t\t\t\t\t\t<div class=\"xts-section-subtitle xts-textcolor-primary xts-fontsize-m\">\r\n\t\t\t\t\t\t<span class=\"xts-section-subtitle-text\" data-elementor-setting-key=\"subtitle\">\r\n\t\t\t\t\t\t\tVision\t\t\t\t\t\t<\/span>\r\n\r\n\t\t\t\t\t\t\t\t\t\t\t<\/div>\r\n\t\t\t\t\r\n\t\t\t\t\r\n\t\t\t\t\r\n\t\t\t\t\t\t\t\t\t<div class=\"xts-section-desc\">\r\n\t\t\t\t\t\t<div class=\"xts-section-desc-text xts-reset-all-last\" data-elementor-setting-key=\"description\">\r\n\t\t\t\t\t\t\t<p style=\"text-align: center;\"><strong>Sustainability is embedded in every aspect of our operations, reflecting our unwavering belief in future generations and our unwavering commitment to the environment.&nbsp;<\/strong><\/p><p style=\"text-align: center;\">We strive to deliver exceptional services that offer maximum value, top-notch quality, and cutting-edge technology, all aimed at forging a sustainable future.\nOur strategies are in full force today, paving the way for a sustainable tomorrow.<\/p>\t\t\t\t\t\t<\/div>\r\n\t\t\t\t\t<\/div>\r\n\t\t\t\t\t\t\t<\/div>\r\n\t\t\t\t\t\t<\/div>\n\t\t\t\t<\/div>\n\t\t\t\t\t<\/div>\n\t\t<\/div>\n\t\t\t\t<div class=\"elementor-column elementor-col-50 elementor-top-column elementor-element elementor-element-a4f6ee2\" data-id=\"a4f6ee2\" data-element_type=\"column\" data-e-type=\"column\">\n\t\t\t<div class=\"elementor-widget-wrap elementor-element-populated\">\n\t\t\t\t\t\t<div class=\"elementor-element elementor-element-2fede61 elementor-widget elementor-widget-image\" data-id=\"2fede61\" data-element_type=\"widget\" data-e-type=\"widget\" data-widget_type=\"image.default\">\n\t\t\t\t<div class=\"elementor-widget-container\">\n\t\t\t\t\t\t\t\t\t\t\t\t\t\t\t<img loading=\"lazy\" decoding=\"async\" width=\"1024\" height=\"683\" src=\"https:\/\/tracim.com.tr\/wp-content\/uploads\/2023\/03\/vizyon-arrow-1024x683.jpg\" class=\"attachment-large size-large wp-image-1401\" alt=\"\" srcset=\"https:\/\/tracim.com.tr\/wp-content\/uploads\/2023\/03\/vizyon-arrow-1024x683.jpg 1024w, https:\/\/tracim.com.tr\/wp-content\/uploads\/2023\/03\/vizyon-arrow-300x200.jpg 300w, https:\/\/tracim.com.tr\/wp-content\/uploads\/2023\/03\/vizyon-arrow-768x512.jpg 768w, https:\/\/tracim.com.tr\/wp-content\/uploads\/2023\/03\/vizyon-arrow.jpg 1080w\" sizes=\"auto, (max-width: 1024px) 100vw, 1024px\" \/>\t\t\t\t\t\t\t\t\t\t\t\t\t\t\t<\/div>\n\t\t\t\t<\/div>\n\t\t\t\t\t<\/div>\n\t\t<\/div>\n\t\t\t\t\t<\/div>\n\t\t<\/section>\n\t\t\t\t<section class=\"elementor-section elementor-top-section elementor-element elementor-element-e3542d0 elementor-section-height-min-height xts-section-stretch elementor-section-boxed elementor-section-height-default elementor-section-items-middle\" data-id=\"e3542d0\" data-element_type=\"section\" data-e-type=\"section\" data-settings=\"{&quot;background_background&quot;:&quot;classic&quot;}\">\n\t\t\t\t\t\t\t<div class=\"elementor-background-overlay\"><\/div>\n\t\t\t\t\t\t\t<div class=\"elementor-container elementor-column-gap-default\">\n\t\t\t\t\t<div class=\"elementor-column elementor-col-50 elementor-top-column elementor-element elementor-element-9e107de\" data-id=\"9e107de\" data-element_type=\"column\" data-e-type=\"column\">\n\t\t\t<div class=\"elementor-widget-wrap elementor-element-populated\">\n\t\t\t\t\t\t<div class=\"elementor-element elementor-element-dec9a18 elementor-widget elementor-widget-image\" data-id=\"dec9a18\" data-element_type=\"widget\" data-e-type=\"widget\" data-widget_type=\"image.default\">\n\t\t\t\t<div class=\"elementor-widget-container\">\n\t\t\t\t\t\t\t\t\t\t\t\t\t\t\t<img loading=\"lazy\" decoding=\"async\" width=\"1024\" height=\"683\" src=\"https:\/\/tracim.com.tr\/wp-content\/uploads\/2023\/03\/misyon-1024x683.jpg\" class=\"attachment-large size-large wp-image-1406\" alt=\"\" srcset=\"https:\/\/tracim.com.tr\/wp-content\/uploads\/2023\/03\/misyon-1024x683.jpg 1024w, https:\/\/tracim.com.tr\/wp-content\/uploads\/2023\/03\/misyon-300x200.jpg 300w, https:\/\/tracim.com.tr\/wp-content\/uploads\/2023\/03\/misyon-768x512.jpg 768w, https:\/\/tracim.com.tr\/wp-content\/uploads\/2023\/03\/misyon.jpg 1080w\" sizes=\"auto, (max-width: 1024px) 100vw, 1024px\" \/>\t\t\t\t\t\t\t\t\t\t\t\t\t\t\t<\/div>\n\t\t\t\t<\/div>\n\t\t\t\t\t<\/div>\n\t\t<\/div>\n\t\t\t\t<div class=\"elementor-column elementor-col-50 elementor-top-column elementor-element elementor-element-d5c297a\" data-id=\"d5c297a\" data-element_type=\"column\" data-e-type=\"column\">\n\t\t\t<div class=\"elementor-widget-wrap elementor-element-populated\">\n\t\t\t\t\t\t<div class=\"elementor-element elementor-element-eedeffe elementor-widget elementor-widget-xts_title\" data-id=\"eedeffe\" data-element_type=\"widget\" data-e-type=\"widget\" data-widget_type=\"xts_title.default\">\n\t\t\t\t<div class=\"elementor-widget-container\">\n\t\t\t\t\t\t\t\t<div class=\"xts-section-heading xts-reset-mb-10 xts-reset-last xts-textalign-center\" data-animation-delay=\"\">\r\n\t\t\t\t\t\t\t\t\t<div class=\"xts-section-subtitle xts-textcolor-primary xts-fontsize-m\">\r\n\t\t\t\t\t\t<span class=\"xts-section-subtitle-text\" data-elementor-setting-key=\"subtitle\">\r\n\t\t\t\t\t\t\tMission\t\t\t\t\t\t<\/span>\r\n\r\n\t\t\t\t\t\t\t\t\t\t\t<\/div>\r\n\t\t\t\t\r\n\t\t\t\t\r\n\t\t\t\t\r\n\t\t\t\t\t\t\t\t\t<div class=\"xts-section-desc\">\r\n\t\t\t\t\t\t<div class=\"xts-section-desc-text xts-reset-all-last\" data-elementor-setting-key=\"description\">\r\n\t\t\t\t\t\t\t<p><strong>Through continuous enhancement of our service and product quality, we are dedicated to remaining a key player in both the local and global markets.<\/strong><\/p><p>By expanding our network and entering new markets, we venture into different geographies, generating added value for our country's economy through our exporting capabilities.<\/p><p>We vigilantly track technological advancements and foster innovation in our industry, developing groundbreaking products and providing solutions that cater to evolving customer needs.  In pursuit of profitability, we uphold our responsibility to the environment and society, preserving resources and revering nature.<\/p><p>We invest in our human resources by facilitating regular training activities, and empowering our employees with knowledge, state-of-the-art equipment, and enhanced skills.<\/p>\t\t\t\t\t\t<\/div>\r\n\t\t\t\t\t<\/div>\r\n\t\t\t\t\t\t\t<\/div>\r\n\t\t\t\t\t\t<\/div>\n\t\t\t\t<\/div>\n\t\t\t\t\t<\/div>\n\t\t<\/div>\n\t\t\t\t\t<\/div>\n\t\t<\/section>\n\t\t\t\t<section class=\"elementor-section elementor-top-section elementor-element elementor-element-212db2e elementor-section-content-middle elementor-section-height-min-height elementor-section-boxed elementor-section-height-default elementor-section-items-middle xts-section-disabled\" data-id=\"212db2e\" data-element_type=\"section\" data-e-type=\"section\">\n\t\t\t\t\t\t<div class=\"elementor-container elementor-column-gap-default\">\n\t\t\t\t\t<div class=\"elementor-column elementor-col-50 elementor-top-column elementor-element elementor-element-c772058\" data-id=\"c772058\" data-element_type=\"column\" data-e-type=\"column\">\n\t\t\t<div class=\"elementor-widget-wrap elementor-element-populated\">\n\t\t\t\t\t\t<div class=\"elementor-element elementor-element-39fd62a elementor-widget elementor-widget-xts_title\" data-id=\"39fd62a\" data-element_type=\"widget\" data-e-type=\"widget\" data-widget_type=\"xts_title.default\">\n\t\t\t\t<div class=\"elementor-widget-container\">\n\t\t\t\t\t\t\t\t<div class=\"xts-section-heading xts-reset-mb-10 xts-reset-last xts-textalign-center\" data-animation-delay=\"\">\r\n\t\t\t\t\t\t\t\t\t<div class=\"xts-section-subtitle xts-textcolor-primary xts-fontsize-m\">\r\n\t\t\t\t\t\t<span class=\"xts-section-subtitle-text\" data-elementor-setting-key=\"subtitle\">\r\n\t\t\t\t\t\t\tOur Shared Values\t\t\t\t\t\t<\/span>\r\n\r\n\t\t\t\t\t\t\t\t\t\t\t<\/div>\r\n\t\t\t\t\r\n\t\t\t\t\r\n\t\t\t\t\r\n\t\t\t\t\t\t\t\t\t<div class=\"xts-section-desc\">\r\n\t\t\t\t\t\t<div class=\"xts-section-desc-text xts-reset-all-last\" data-elementor-setting-key=\"description\">\r\n\t\t\t\t\t\t\t<p>Superior Quality, Integrity, Responsibility and Accountability, Team Spirit, Mutual Respect and Love, Change and Innovation<\/p><p><strong>We work with team spirit and succeed together; because we have unity in our mortar.<\/strong><\/p>\t\t\t\t\t\t<\/div>\r\n\t\t\t\t\t<\/div>\r\n\t\t\t\t\t\t\t<\/div>\r\n\t\t\t\t\t\t<\/div>\n\t\t\t\t<\/div>\n\t\t\t\t\t<\/div>\n\t\t<\/div>\n\t\t\t\t<div class=\"elementor-column elementor-col-50 elementor-top-column elementor-element elementor-element-f3e9dac\" data-id=\"f3e9dac\" data-element_type=\"column\" data-e-type=\"column\">\n\t\t\t<div class=\"elementor-widget-wrap elementor-element-populated\">\n\t\t\t\t\t\t<div class=\"elementor-element elementor-element-0cb24fb elementor-widget elementor-widget-image\" data-id=\"0cb24fb\" data-element_type=\"widget\" data-e-type=\"widget\" data-widget_type=\"image.default\">\n\t\t\t\t<div class=\"elementor-widget-container\">\n\t\t\t\t\t\t\t\t\t\t\t\t\t\t\t<img loading=\"lazy\" decoding=\"async\" width=\"1024\" height=\"683\" src=\"https:\/\/tracim.com.tr\/wp-content\/uploads\/2023\/03\/deger02-1024x683.jpg\" class=\"attachment-large size-large wp-image-1473\" alt=\"\" srcset=\"https:\/\/tracim.com.tr\/wp-content\/uploads\/2023\/03\/deger02-1024x683.jpg 1024w, https:\/\/tracim.com.tr\/wp-content\/uploads\/2023\/03\/deger02-300x200.jpg 300w, https:\/\/tracim.com.tr\/wp-content\/uploads\/2023\/03\/deger02-768x512.jpg 768w, https:\/\/tracim.com.tr\/wp-content\/uploads\/2023\/03\/deger02.jpg 1080w\" sizes=\"auto, (max-width: 1024px) 100vw, 1024px\" \/>\t\t\t\t\t\t\t\t\t\t\t\t\t\t\t<\/div>\n\t\t\t\t<\/div>\n\t\t\t\t\t<\/div>\n\t\t<\/div>\n\t\t\t\t\t<\/div>\n\t\t<\/section>\n\t\t\t\t<\/div>","protected":false},"excerpt":{"rendered":"<p>Hakk\u0131m\u0131zda Misyon &#038; Vizyon Politikalar\u0131m\u0131z Entegre Y\u00f6netim Sistemi Bilgi G\u00fcvenli\u011fi Bilgi Toplumu Hizmetleri M\u00fc\u015fteri Memnuniyeti Politikam\u0131z KVKK D\u00f6k\u00fcman Eri\u015fimi Kalite Y\u00f6netimi Kalite Belgeleri Y\u00f6netim Sistemi Belgeleri Vizyon Gelecek nesillere inanc\u0131m\u0131z ve \u00e7evreye olan ba\u011fl\u0131l\u0131\u011f\u0131m\u0131zla&nbsp;att\u0131\u011f\u0131m\u0131z her ad\u0131m\u0131n oda\u011f\u0131nda s\u00fcrd\u00fcr\u00fclebilirlik var.&nbsp; S\u00fcrd\u00fcr\u00fclebilir bir \u015fekilde geli\u015febilece\u011fimiz bir gelecek yaratmak i\u00e7in&nbsp;tasarlanm\u0131\u015f maksimum de\u011fer, birinci s\u0131n\u0131f kalite ve son teknoloji [&hellip;]<\/p>\n","protected":false},"author":4,"featured_media":0,"parent":0,"menu_order":0,"comment_status":"closed","ping_status":"closed","template":"","meta":{"content-type":"","footnotes":""},"class_list":["post-761","page","type-page","status-publish","hentry"],"yoast_head":"<!-- This site is optimized with the Yoast SEO plugin v27.4 - https:\/\/yoast.com\/product\/yoast-seo-wordpress\/ -->\n<title>Misyon &amp; Vizyon - Tra\u00e7im \u00c7imento A.\u015e.<\/title>\n<meta name=\"robots\" content=\"index, follow, max-snippet:-1, max-image-preview:large, max-video-preview:-1\" \/>\n<link rel=\"canonical\" href=\"https:\/\/tracim.com.tr\/en\/mission-vision\/\" \/>\n<meta property=\"og:locale\" content=\"en_US\" \/>\n<meta property=\"og:type\" content=\"article\" \/>\n<meta property=\"og:title\" content=\"Misyon &amp; Vizyon - Tra\u00e7im \u00c7imento A.\u015e.\" \/>\n<meta property=\"og:description\" content=\"Hakk\u0131m\u0131zda Misyon &#038; Vizyon Politikalar\u0131m\u0131z Entegre Y\u00f6netim Sistemi Bilgi G\u00fcvenli\u011fi Bilgi Toplumu Hizmetleri M\u00fc\u015fteri Memnuniyeti Politikam\u0131z KVKK D\u00f6k\u00fcman Eri\u015fimi Kalite Y\u00f6netimi Kalite Belgeleri Y\u00f6netim Sistemi Belgeleri Vizyon Gelecek nesillere inanc\u0131m\u0131z ve \u00e7evreye olan ba\u011fl\u0131l\u0131\u011f\u0131m\u0131zla&nbsp;att\u0131\u011f\u0131m\u0131z her ad\u0131m\u0131n oda\u011f\u0131nda s\u00fcrd\u00fcr\u00fclebilirlik var.&nbsp; S\u00fcrd\u00fcr\u00fclebilir bir \u015fekilde geli\u015febilece\u011fimiz bir gelecek yaratmak i\u00e7in&nbsp;tasarlanm\u0131\u015f maksimum de\u011fer, birinci s\u0131n\u0131f kalite ve son teknoloji [&hellip;]\" \/>\n<meta property=\"og:url\" content=\"https:\/\/tracim.com.tr\/en\/mission-vision\/\" \/>\n<meta property=\"og:site_name\" content=\"Tra\u00e7im \u00c7imento A.\u015e.\" \/>\n<meta property=\"article:modified_time\" content=\"2024-12-04T09:19:51+00:00\" \/>\n<meta property=\"og:image\" content=\"https:\/\/tracim.com.tr\/wp-content\/uploads\/2023\/03\/vizyon-arrow.jpg\" \/>\n\t<meta property=\"og:image:width\" content=\"1080\" \/>\n\t<meta property=\"og:image:height\" content=\"720\" \/>\n\t<meta property=\"og:image:type\" content=\"image\/jpeg\" \/>\n<meta name=\"twitter:card\" content=\"summary_large_image\" \/>\n<meta name=\"twitter:label1\" content=\"Est. reading time\" \/>\n\t<meta name=\"twitter:data1\" content=\"2 minutes\" \/>\n<script type=\"application\/ld+json\" class=\"yoast-schema-graph\">{\"@context\":\"https:\\\/\\\/schema.org\",\"@graph\":[{\"@type\":\"WebPage\",\"@id\":\"https:\\\/\\\/tracim.com.tr\\\/misyon-vizyon\\\/\",\"url\":\"https:\\\/\\\/tracim.com.tr\\\/misyon-vizyon\\\/\",\"name\":\"Misyon & Vizyon - Tra\u00e7im \u00c7imento A.\u015e.\",\"isPartOf\":{\"@id\":\"https:\\\/\\\/tracim.com.tr\\\/#website\"},\"primaryImageOfPage\":{\"@id\":\"https:\\\/\\\/tracim.com.tr\\\/misyon-vizyon\\\/#primaryimage\"},\"image\":{\"@id\":\"https:\\\/\\\/tracim.com.tr\\\/misyon-vizyon\\\/#primaryimage\"},\"thumbnailUrl\":\"https:\\\/\\\/tracim.com.tr\\\/wp-content\\\/uploads\\\/2023\\\/03\\\/vizyon-arrow-1024x683.jpg\",\"datePublished\":\"2023-02-13T23:29:43+00:00\",\"dateModified\":\"2024-12-04T09:19:51+00:00\",\"breadcrumb\":{\"@id\":\"https:\\\/\\\/tracim.com.tr\\\/misyon-vizyon\\\/#breadcrumb\"},\"inLanguage\":\"en-US\",\"potentialAction\":[{\"@type\":\"ReadAction\",\"target\":[\"https:\\\/\\\/tracim.com.tr\\\/misyon-vizyon\\\/\"]}]},{\"@type\":\"ImageObject\",\"inLanguage\":\"en-US\",\"@id\":\"https:\\\/\\\/tracim.com.tr\\\/misyon-vizyon\\\/#primaryimage\",\"url\":\"https:\\\/\\\/tracim.com.tr\\\/wp-content\\\/uploads\\\/2023\\\/03\\\/vizyon-arrow-1024x683.jpg\",\"contentUrl\":\"https:\\\/\\\/tracim.com.tr\\\/wp-content\\\/uploads\\\/2023\\\/03\\\/vizyon-arrow-1024x683.jpg\"},{\"@type\":\"BreadcrumbList\",\"@id\":\"https:\\\/\\\/tracim.com.tr\\\/misyon-vizyon\\\/#breadcrumb\",\"itemListElement\":[{\"@type\":\"ListItem\",\"position\":1,\"name\":\"Anasayfa\",\"item\":\"https:\\\/\\\/tracim.com.tr\\\/\"},{\"@type\":\"ListItem\",\"position\":2,\"name\":\"Misyon &#038; Vizyon\"}]},{\"@type\":\"WebSite\",\"@id\":\"https:\\\/\\\/tracim.com.tr\\\/#website\",\"url\":\"https:\\\/\\\/tracim.com.tr\\\/\",\"name\":\"Tra\u00e7im \u00c7imento A.\u015e.\",\"description\":\"\",\"publisher\":{\"@id\":\"https:\\\/\\\/tracim.com.tr\\\/#organization\"},\"potentialAction\":[{\"@type\":\"SearchAction\",\"target\":{\"@type\":\"EntryPoint\",\"urlTemplate\":\"https:\\\/\\\/tracim.com.tr\\\/?s={search_term_string}\"},\"query-input\":{\"@type\":\"PropertyValueSpecification\",\"valueRequired\":true,\"valueName\":\"search_term_string\"}}],\"inLanguage\":\"en-US\"},{\"@type\":\"Organization\",\"@id\":\"https:\\\/\\\/tracim.com.tr\\\/#organization\",\"name\":\"Tra\u00e7im \u00c7imento A.\u015e.\",\"url\":\"https:\\\/\\\/tracim.com.tr\\\/\",\"logo\":{\"@type\":\"ImageObject\",\"inLanguage\":\"en-US\",\"@id\":\"https:\\\/\\\/tracim.com.tr\\\/#\\\/schema\\\/logo\\\/image\\\/\",\"url\":\"https:\\\/\\\/tracim.com.tr\\\/wp-content\\\/uploads\\\/2023\\\/02\\\/tracim-logo.png\",\"contentUrl\":\"https:\\\/\\\/tracim.com.tr\\\/wp-content\\\/uploads\\\/2023\\\/02\\\/tracim-logo.png\",\"width\":2112,\"height\":745,\"caption\":\"Tra\u00e7im \u00c7imento A.\u015e.\"},\"image\":{\"@id\":\"https:\\\/\\\/tracim.com.tr\\\/#\\\/schema\\\/logo\\\/image\\\/\"},\"sameAs\":[\"https:\\\/\\\/www.linkedin.com\\\/company\\\/tracim-cement\\\/\"]}]}<\/script>\n<!-- \/ Yoast SEO plugin. -->","yoast_head_json":{"title":"Misson &amp; Vision - Tra\u00e7im \u00c7imento A.\u015e.","robots":{"index":"index","follow":"follow","max-snippet":"max-snippet:-1","max-image-preview":"max-image-preview:large","max-video-preview":"max-video-preview:-1"},"canonical":"https:\/\/tracim.com.tr\/en\/mission-vision\/","og_locale":"en_US","og_type":"article","og_title":"Misyon & Vizyon - Tra\u00e7im \u00c7imento A.\u015e.","og_description":"Hakk\u0131m\u0131zda Misyon &#038; Vizyon Politikalar\u0131m\u0131z Entegre Y\u00f6netim Sistemi Bilgi G\u00fcvenli\u011fi Bilgi Toplumu Hizmetleri M\u00fc\u015fteri Memnuniyeti Politikam\u0131z KVKK D\u00f6k\u00fcman Eri\u015fimi Kalite Y\u00f6netimi Kalite Belgeleri Y\u00f6netim Sistemi Belgeleri Vizyon Gelecek nesillere inanc\u0131m\u0131z ve \u00e7evreye olan ba\u011fl\u0131l\u0131\u011f\u0131m\u0131zla&nbsp;att\u0131\u011f\u0131m\u0131z her ad\u0131m\u0131n oda\u011f\u0131nda s\u00fcrd\u00fcr\u00fclebilirlik var.&nbsp; S\u00fcrd\u00fcr\u00fclebilir bir \u015fekilde geli\u015febilece\u011fimiz bir gelecek yaratmak i\u00e7in&nbsp;tasarlanm\u0131\u015f maksimum de\u011fer, birinci s\u0131n\u0131f kalite ve son teknoloji [&hellip;]","og_url":"https:\/\/tracim.com.tr\/en\/mission-vision\/","og_site_name":"Tra\u00e7im \u00c7imento A.\u015e.","article_modified_time":"2024-12-04T09:19:51+00:00","og_image":[{"width":1080,"height":720,"url":"https:\/\/tracim.com.tr\/wp-content\/uploads\/2023\/03\/vizyon-arrow.jpg","type":"image\/jpeg"}],"twitter_card":"summary_large_image","twitter_misc":{"Est. reading time":"2 minutes"},"schema":{"@context":"https:\/\/schema.org","@graph":[{"@type":"WebPage","@id":"https:\/\/tracim.com.tr\/misyon-vizyon\/","url":"https:\/\/tracim.com.tr\/misyon-vizyon\/","name":"Misson &amp; Vision - Tra\u00e7im \u00c7imento A.\u015e.","isPartOf":{"@id":"https:\/\/tracim.com.tr\/#website"},"primaryImageOfPage":{"@id":"https:\/\/tracim.com.tr\/misyon-vizyon\/#primaryimage"},"image":{"@id":"https:\/\/tracim.com.tr\/misyon-vizyon\/#primaryimage"},"thumbnailUrl":"https:\/\/tracim.com.tr\/wp-content\/uploads\/2023\/03\/vizyon-arrow-1024x683.jpg","datePublished":"2023-02-13T23:29:43+00:00","dateModified":"2024-12-04T09:19:51+00:00","breadcrumb":{"@id":"https:\/\/tracim.com.tr\/misyon-vizyon\/#breadcrumb"},"inLanguage":"en-US","potentialAction":[{"@type":"ReadAction","target":["https:\/\/tracim.com.tr\/misyon-vizyon\/"]}]},{"@type":"ImageObject","inLanguage":"en-US","@id":"https:\/\/tracim.com.tr\/misyon-vizyon\/#primaryimage","url":"https:\/\/tracim.com.tr\/wp-content\/uploads\/2023\/03\/vizyon-arrow-1024x683.jpg","contentUrl":"https:\/\/tracim.com.tr\/wp-content\/uploads\/2023\/03\/vizyon-arrow-1024x683.jpg"},{"@type":"BreadcrumbList","@id":"https:\/\/tracim.com.tr\/misyon-vizyon\/#breadcrumb","itemListElement":[{"@type":"ListItem","position":1,"name":"Anasayfa","item":"https:\/\/tracim.com.tr\/"},{"@type":"ListItem","position":2,"name":"Misyon &#038; Vizyon"}]},{"@type":"WebSite","@id":"https:\/\/tracim.com.tr\/#website","url":"https:\/\/tracim.com.tr\/","name":"Tra\u00e7im \u00c7imento A.\u015e.","description":"","publisher":{"@id":"https:\/\/tracim.com.tr\/#organization"},"potentialAction":[{"@type":"SearchAction","target":{"@type":"EntryPoint","urlTemplate":"https:\/\/tracim.com.tr\/?s={search_term_string}"},"query-input":{"@type":"PropertyValueSpecification","valueRequired":true,"valueName":"search_term_string"}}],"inLanguage":"en-US"},{"@type":"Organization","@id":"https:\/\/tracim.com.tr\/#organization","name":"Tra\u00e7im \u00c7imento A.\u015e.","url":"https:\/\/tracim.com.tr\/","logo":{"@type":"ImageObject","inLanguage":"en-US","@id":"https:\/\/tracim.com.tr\/#\/schema\/logo\/image\/","url":"https:\/\/tracim.com.tr\/wp-content\/uploads\/2023\/02\/tracim-logo.png","contentUrl":"https:\/\/tracim.com.tr\/wp-content\/uploads\/2023\/02\/tracim-logo.png","width":2112,"height":745,"caption":"Tra\u00e7im \u00c7imento A.\u015e."},"image":{"@id":"https:\/\/tracim.com.tr\/#\/schema\/logo\/image\/"},"sameAs":["https:\/\/www.linkedin.com\/company\/tracim-cement\/"]}]}},"_links":{"self":[{"href":"https:\/\/tracim.com.tr\/en\/wp-json\/wp\/v2\/pages\/761","targetHints":{"allow":["GET"]}}],"collection":[{"href":"https:\/\/tracim.com.tr\/en\/wp-json\/wp\/v2\/pages"}],"about":[{"href":"https:\/\/tracim.com.tr\/en\/wp-json\/wp\/v2\/types\/page"}],"author":[{"embeddable":true,"href":"https:\/\/tracim.com.tr\/en\/wp-json\/wp\/v2\/users\/4"}],"replies":[{"embeddable":true,"href":"https:\/\/tracim.com.tr\/en\/wp-json\/wp\/v2\/comments?post=761"}],"version-history":[{"count":3,"href":"https:\/\/tracim.com.tr\/en\/wp-json\/wp\/v2\/pages\/761\/revisions"}],"predecessor-version":[{"id":3614,"href":"https:\/\/tracim.com.tr\/en\/wp-json\/wp\/v2\/pages\/761\/revisions\/3614"}],"wp:attachment":[{"href":"https:\/\/tracim.com.tr\/en\/wp-json\/wp\/v2\/media?parent=761"}],"curies":[{"name":"wp","href":"https:\/\/api.w.org\/{rel}","templated":true}]}}