
{"id":2378,"date":"2023-09-18T14:08:16","date_gmt":"2023-09-18T14:08:16","guid":{"rendered":"https:\/\/tracim.com.tr\/?page_id=2378"},"modified":"2024-02-16T09:03:20","modified_gmt":"2024-02-16T09:03:20","slug":"hizmetler","status":"publish","type":"page","link":"https:\/\/tracim.com.tr\/en\/hizmetler\/","title":{"rendered":"Services"},"content":{"rendered":"<div data-elementor-type=\"wp-page\" data-elementor-id=\"2378\" class=\"elementor elementor-2378\">\n\t\t\t\t\t\t<section class=\"elementor-section elementor-top-section elementor-element elementor-element-6810690 elementor-section-content-middle elementor-section-height-min-height elementor-section-boxed elementor-section-height-default elementor-section-items-middle xts-section-disabled\" data-id=\"6810690\" data-element_type=\"section\" data-e-type=\"section\">\n\t\t\t\t\t\t<div class=\"elementor-container elementor-column-gap-default\">\n\t\t\t\t\t<div class=\"elementor-column elementor-col-50 elementor-top-column elementor-element elementor-element-3d71699\" data-id=\"3d71699\" data-element_type=\"column\" data-e-type=\"column\">\n\t\t\t<div class=\"elementor-widget-wrap elementor-element-populated\">\n\t\t\t\t\t\t<div class=\"elementor-element elementor-element-599d17d xts-scheme-inherit xts-textalign-inherit elementor-widget elementor-widget-text-editor\" data-id=\"599d17d\" data-element_type=\"widget\" data-e-type=\"widget\" data-widget_type=\"text-editor.default\">\n\t\t\t\t<div class=\"elementor-widget-container\">\n\t\t\t\t\t\t\t\t\t<p class=\"translation-block\"><strong><span style=\"font-weight: 400\">In addition to our factory delivery sales with our truck park and 61 vehicle capacity, we also offer site delivery sales to our customers.<strong><span style=\"We\">\u00a0. <\/span><\/strong><\/p><p style=\"font-weight: 400;\">We are dedicated to carrying out all the necessary tasks to guarantee customer satisfaction.<\/p>\t\t\t\t\t\t\t\t<\/div>\n\t\t\t\t<\/div>\n\t\t\t\t\t<\/div>\n\t\t<\/div>\n\t\t\t\t<div class=\"elementor-column elementor-col-50 elementor-top-column elementor-element elementor-element-bbab953\" data-id=\"bbab953\" data-element_type=\"column\" data-e-type=\"column\">\n\t\t\t<div class=\"elementor-widget-wrap elementor-element-populated\">\n\t\t\t\t\t\t<div class=\"elementor-element elementor-element-aa31376 elementor-arrows-position-inside elementor-pagination-position-outside elementor-widget elementor-widget-image-carousel\" data-id=\"aa31376\" data-element_type=\"widget\" data-e-type=\"widget\" data-settings=\"{&quot;slides_to_show&quot;:&quot;1&quot;,&quot;navigation&quot;:&quot;both&quot;,&quot;autoplay&quot;:&quot;yes&quot;,&quot;pause_on_hover&quot;:&quot;yes&quot;,&quot;pause_on_interaction&quot;:&quot;yes&quot;,&quot;autoplay_speed&quot;:5000,&quot;infinite&quot;:&quot;yes&quot;,&quot;effect&quot;:&quot;slide&quot;,&quot;speed&quot;:500}\" data-widget_type=\"image-carousel.default\">\n\t\t\t\t<div class=\"elementor-widget-container\">\n\t\t\t\t\t\t\t<div class=\"elementor-image-carousel-wrapper swiper\" role=\"region\" aria-roledescription=\"carousel\" aria-label=\"Image Carousel\" dir=\"ltr\">\n\t\t\t<div class=\"elementor-image-carousel swiper-wrapper\" aria-live=\"off\">\n\t\t\t\t\t\t\t\t<div class=\"swiper-slide\" role=\"group\" aria-roledescription=\"slide\" aria-label=\"1 of 3\"><figure class=\"swiper-slide-inner\"><img decoding=\"async\" class=\"swiper-slide-image\" src=\"https:\/\/tracim.com.tr\/wp-content\/uploads\/2023\/09\/1.jpg\" alt=\"1\" \/><\/figure><\/div><div class=\"swiper-slide\" role=\"group\" aria-roledescription=\"slide\" aria-label=\"2 of 3\"><figure class=\"swiper-slide-inner\"><img decoding=\"async\" class=\"swiper-slide-image\" src=\"https:\/\/tracim.com.tr\/wp-content\/uploads\/2023\/09\/2.jpg\" alt=\"2\" \/><\/figure><\/div><div class=\"swiper-slide\" role=\"group\" aria-roledescription=\"slide\" aria-label=\"3 of 3\"><figure class=\"swiper-slide-inner\"><img decoding=\"async\" class=\"swiper-slide-image\" src=\"https:\/\/tracim.com.tr\/wp-content\/uploads\/2023\/09\/3.jpg\" alt=\"3\" \/><\/figure><\/div>\t\t\t<\/div>\n\t\t\t\t\t\t\t\t\t\t\t\t<div class=\"elementor-swiper-button elementor-swiper-button-prev\" role=\"button\" tabindex=\"0\">\n\t\t\t\t\t\t<i aria-hidden=\"true\" class=\"eicon-chevron-left\"><\/i>\t\t\t\t\t<\/div>\n\t\t\t\t\t<div class=\"elementor-swiper-button elementor-swiper-button-next\" role=\"button\" tabindex=\"0\">\n\t\t\t\t\t\t<i aria-hidden=\"true\" class=\"eicon-chevron-right\"><\/i>\t\t\t\t\t<\/div>\n\t\t\t\t\n\t\t\t\t\t\t\t\t\t<div class=\"swiper-pagination\"><\/div>\n\t\t\t\t\t\t\t\t\t<\/div>\n\t\t\t\t\t\t<\/div>\n\t\t\t\t<\/div>\n\t\t\t\t\t<\/div>\n\t\t<\/div>\n\t\t\t\t\t<\/div>\n\t\t<\/section>\n\t\t\t\t<\/div>","protected":false},"excerpt":{"rendered":"<p>T\u0131r park\u0131, 61 adet ara\u00e7 kapasitesi ile fabrika teslim sat\u0131\u015flar\u0131m\u0131z\u0131n yan\u0131 s\u0131ra, m\u00fc\u015fterilerimize \u015fantiye teslim sat\u0131\u015f imkan\u0131\u00a0sunuyoruz. M\u00fc\u015fteri memnuniyetini sa\u011flamak amac\u0131 ile t\u00fcm gerekli \u00e7al\u0131\u015fmalar\u0131 s\u00fcrd\u00fcrmekteyiz.<\/p>","protected":false},"author":4,"featured_media":0,"parent":0,"menu_order":0,"comment_status":"closed","ping_status":"closed","template":"","meta":{"content-type":"","footnotes":""},"class_list":["post-2378","page","type-page","status-publish","hentry"],"yoast_head":"<!-- This site is optimized with the Yoast SEO plugin v27.4 - https:\/\/yoast.com\/product\/yoast-seo-wordpress\/ -->\n<title>Hizmetler - Tra\u00e7im \u00c7imento A.\u015e.<\/title>\n<meta name=\"robots\" content=\"index, follow, max-snippet:-1, max-image-preview:large, max-video-preview:-1\" \/>\n<link rel=\"canonical\" href=\"https:\/\/tracim.com.tr\/en\/services\/\" \/>\n<meta property=\"og:locale\" content=\"en_US\" \/>\n<meta property=\"og:type\" content=\"article\" \/>\n<meta property=\"og:title\" content=\"Hizmetler - Tra\u00e7im \u00c7imento A.\u015e.\" \/>\n<meta property=\"og:description\" content=\"T\u0131r park\u0131, 61 adet ara\u00e7 kapasitesi ile fabrika teslim sat\u0131\u015flar\u0131m\u0131z\u0131n yan\u0131 s\u0131ra, m\u00fc\u015fterilerimize \u015fantiye teslim sat\u0131\u015f imkan\u0131\u00a0sunuyoruz. M\u00fc\u015fteri memnuniyetini sa\u011flamak amac\u0131 ile t\u00fcm gerekli \u00e7al\u0131\u015fmalar\u0131 s\u00fcrd\u00fcrmekteyiz.\" \/>\n<meta property=\"og:url\" content=\"https:\/\/tracim.com.tr\/en\/services\/\" \/>\n<meta property=\"og:site_name\" content=\"Tra\u00e7im \u00c7imento A.\u015e.\" \/>\n<meta property=\"article:modified_time\" content=\"2024-02-16T09:03:20+00:00\" \/>\n<meta property=\"og:image\" content=\"https:\/\/tracim.com.tr\/wp-content\/uploads\/2023\/09\/1.jpg\" \/>\n<meta name=\"twitter:card\" content=\"summary_large_image\" \/>\n<meta name=\"twitter:label1\" content=\"Est. reading time\" \/>\n\t<meta name=\"twitter:data1\" content=\"2 minutes\" \/>\n<script type=\"application\/ld+json\" class=\"yoast-schema-graph\">{\"@context\":\"https:\\\/\\\/schema.org\",\"@graph\":[{\"@type\":\"WebPage\",\"@id\":\"https:\\\/\\\/tracim.com.tr\\\/hizmetler\\\/\",\"url\":\"https:\\\/\\\/tracim.com.tr\\\/hizmetler\\\/\",\"name\":\"Hizmetler - Tra\u00e7im \u00c7imento A.\u015e.\",\"isPartOf\":{\"@id\":\"https:\\\/\\\/tracim.com.tr\\\/#website\"},\"primaryImageOfPage\":{\"@id\":\"https:\\\/\\\/tracim.com.tr\\\/hizmetler\\\/#primaryimage\"},\"image\":{\"@id\":\"https:\\\/\\\/tracim.com.tr\\\/hizmetler\\\/#primaryimage\"},\"thumbnailUrl\":\"https:\\\/\\\/tracim.com.tr\\\/wp-content\\\/uploads\\\/2023\\\/09\\\/1.jpg\",\"datePublished\":\"2023-09-18T14:08:16+00:00\",\"dateModified\":\"2024-02-16T09:03:20+00:00\",\"breadcrumb\":{\"@id\":\"https:\\\/\\\/tracim.com.tr\\\/hizmetler\\\/#breadcrumb\"},\"inLanguage\":\"en-US\",\"potentialAction\":[{\"@type\":\"ReadAction\",\"target\":[\"https:\\\/\\\/tracim.com.tr\\\/hizmetler\\\/\"]}]},{\"@type\":\"ImageObject\",\"inLanguage\":\"en-US\",\"@id\":\"https:\\\/\\\/tracim.com.tr\\\/hizmetler\\\/#primaryimage\",\"url\":\"https:\\\/\\\/tracim.com.tr\\\/wp-content\\\/uploads\\\/2023\\\/09\\\/1.jpg\",\"contentUrl\":\"https:\\\/\\\/tracim.com.tr\\\/wp-content\\\/uploads\\\/2023\\\/09\\\/1.jpg\"},{\"@type\":\"BreadcrumbList\",\"@id\":\"https:\\\/\\\/tracim.com.tr\\\/hizmetler\\\/#breadcrumb\",\"itemListElement\":[{\"@type\":\"ListItem\",\"position\":1,\"name\":\"Anasayfa\",\"item\":\"https:\\\/\\\/tracim.com.tr\\\/\"},{\"@type\":\"ListItem\",\"position\":2,\"name\":\"Hizmetler\"}]},{\"@type\":\"WebSite\",\"@id\":\"https:\\\/\\\/tracim.com.tr\\\/#website\",\"url\":\"https:\\\/\\\/tracim.com.tr\\\/\",\"name\":\"Tra\u00e7im \u00c7imento A.\u015e.\",\"description\":\"\",\"publisher\":{\"@id\":\"https:\\\/\\\/tracim.com.tr\\\/#organization\"},\"potentialAction\":[{\"@type\":\"SearchAction\",\"target\":{\"@type\":\"EntryPoint\",\"urlTemplate\":\"https:\\\/\\\/tracim.com.tr\\\/?s={search_term_string}\"},\"query-input\":{\"@type\":\"PropertyValueSpecification\",\"valueRequired\":true,\"valueName\":\"search_term_string\"}}],\"inLanguage\":\"en-US\"},{\"@type\":\"Organization\",\"@id\":\"https:\\\/\\\/tracim.com.tr\\\/#organization\",\"name\":\"Tra\u00e7im \u00c7imento A.\u015e.\",\"url\":\"https:\\\/\\\/tracim.com.tr\\\/\",\"logo\":{\"@type\":\"ImageObject\",\"inLanguage\":\"en-US\",\"@id\":\"https:\\\/\\\/tracim.com.tr\\\/#\\\/schema\\\/logo\\\/image\\\/\",\"url\":\"https:\\\/\\\/tracim.com.tr\\\/wp-content\\\/uploads\\\/2023\\\/02\\\/tracim-logo.png\",\"contentUrl\":\"https:\\\/\\\/tracim.com.tr\\\/wp-content\\\/uploads\\\/2023\\\/02\\\/tracim-logo.png\",\"width\":2112,\"height\":745,\"caption\":\"Tra\u00e7im \u00c7imento A.\u015e.\"},\"image\":{\"@id\":\"https:\\\/\\\/tracim.com.tr\\\/#\\\/schema\\\/logo\\\/image\\\/\"},\"sameAs\":[\"https:\\\/\\\/www.linkedin.com\\\/company\\\/tracim-cement\\\/\"]}]}<\/script>\n<!-- \/ Yoast SEO plugin. -->","yoast_head_json":{"title":"Services - Tra\u00e7im \u00c7imento A.\u015e.","robots":{"index":"index","follow":"follow","max-snippet":"max-snippet:-1","max-image-preview":"max-image-preview:large","max-video-preview":"max-video-preview:-1"},"canonical":"https:\/\/tracim.com.tr\/en\/services\/","og_locale":"en_US","og_type":"article","og_title":"Hizmetler - Tra\u00e7im \u00c7imento A.\u015e.","og_description":"T\u0131r park\u0131, 61 adet ara\u00e7 kapasitesi ile fabrika teslim sat\u0131\u015flar\u0131m\u0131z\u0131n yan\u0131 s\u0131ra, m\u00fc\u015fterilerimize \u015fantiye teslim sat\u0131\u015f imkan\u0131\u00a0sunuyoruz. M\u00fc\u015fteri memnuniyetini sa\u011flamak amac\u0131 ile t\u00fcm gerekli \u00e7al\u0131\u015fmalar\u0131 s\u00fcrd\u00fcrmekteyiz.","og_url":"https:\/\/tracim.com.tr\/en\/services\/","og_site_name":"Tra\u00e7im \u00c7imento A.\u015e.","article_modified_time":"2024-02-16T09:03:20+00:00","og_image":[{"url":"https:\/\/tracim.com.tr\/wp-content\/uploads\/2023\/09\/1.jpg","type":"","width":"","height":""}],"twitter_card":"summary_large_image","twitter_misc":{"Est. reading time":"2 minutes"},"schema":{"@context":"https:\/\/schema.org","@graph":[{"@type":"WebPage","@id":"https:\/\/tracim.com.tr\/hizmetler\/","url":"https:\/\/tracim.com.tr\/hizmetler\/","name":"Services - Tra\u00e7im \u00c7imento A.\u015e.","isPartOf":{"@id":"https:\/\/tracim.com.tr\/#website"},"primaryImageOfPage":{"@id":"https:\/\/tracim.com.tr\/hizmetler\/#primaryimage"},"image":{"@id":"https:\/\/tracim.com.tr\/hizmetler\/#primaryimage"},"thumbnailUrl":"https:\/\/tracim.com.tr\/wp-content\/uploads\/2023\/09\/1.jpg","datePublished":"2023-09-18T14:08:16+00:00","dateModified":"2024-02-16T09:03:20+00:00","breadcrumb":{"@id":"https:\/\/tracim.com.tr\/hizmetler\/#breadcrumb"},"inLanguage":"en-US","potentialAction":[{"@type":"ReadAction","target":["https:\/\/tracim.com.tr\/hizmetler\/"]}]},{"@type":"ImageObject","inLanguage":"en-US","@id":"https:\/\/tracim.com.tr\/hizmetler\/#primaryimage","url":"https:\/\/tracim.com.tr\/wp-content\/uploads\/2023\/09\/1.jpg","contentUrl":"https:\/\/tracim.com.tr\/wp-content\/uploads\/2023\/09\/1.jpg"},{"@type":"BreadcrumbList","@id":"https:\/\/tracim.com.tr\/hizmetler\/#breadcrumb","itemListElement":[{"@type":"ListItem","position":1,"name":"Anasayfa","item":"https:\/\/tracim.com.tr\/"},{"@type":"ListItem","position":2,"name":"Hizmetler"}]},{"@type":"WebSite","@id":"https:\/\/tracim.com.tr\/#website","url":"https:\/\/tracim.com.tr\/","name":"Tra\u00e7im \u00c7imento A.\u015e.","description":"","publisher":{"@id":"https:\/\/tracim.com.tr\/#organization"},"potentialAction":[{"@type":"SearchAction","target":{"@type":"EntryPoint","urlTemplate":"https:\/\/tracim.com.tr\/?s={search_term_string}"},"query-input":{"@type":"PropertyValueSpecification","valueRequired":true,"valueName":"search_term_string"}}],"inLanguage":"en-US"},{"@type":"Organization","@id":"https:\/\/tracim.com.tr\/#organization","name":"Tra\u00e7im \u00c7imento A.\u015e.","url":"https:\/\/tracim.com.tr\/","logo":{"@type":"ImageObject","inLanguage":"en-US","@id":"https:\/\/tracim.com.tr\/#\/schema\/logo\/image\/","url":"https:\/\/tracim.com.tr\/wp-content\/uploads\/2023\/02\/tracim-logo.png","contentUrl":"https:\/\/tracim.com.tr\/wp-content\/uploads\/2023\/02\/tracim-logo.png","width":2112,"height":745,"caption":"Tra\u00e7im \u00c7imento A.\u015e."},"image":{"@id":"https:\/\/tracim.com.tr\/#\/schema\/logo\/image\/"},"sameAs":["https:\/\/www.linkedin.com\/company\/tracim-cement\/"]}]}},"_links":{"self":[{"href":"https:\/\/tracim.com.tr\/en\/wp-json\/wp\/v2\/pages\/2378","targetHints":{"allow":["GET"]}}],"collection":[{"href":"https:\/\/tracim.com.tr\/en\/wp-json\/wp\/v2\/pages"}],"about":[{"href":"https:\/\/tracim.com.tr\/en\/wp-json\/wp\/v2\/types\/page"}],"author":[{"embeddable":true,"href":"https:\/\/tracim.com.tr\/en\/wp-json\/wp\/v2\/users\/4"}],"replies":[{"embeddable":true,"href":"https:\/\/tracim.com.tr\/en\/wp-json\/wp\/v2\/comments?post=2378"}],"version-history":[{"count":0,"href":"https:\/\/tracim.com.tr\/en\/wp-json\/wp\/v2\/pages\/2378\/revisions"}],"wp:attachment":[{"href":"https:\/\/tracim.com.tr\/en\/wp-json\/wp\/v2\/media?parent=2378"}],"curies":[{"name":"wp","href":"https:\/\/api.w.org\/{rel}","templated":true}]}}